{"id":81,"date":"2015-02-18T21:34:49","date_gmt":"2015-02-18T21:34:49","guid":{"rendered":"http:\/\/www.ineweb.com\/www2\/?page_id=81"},"modified":"2022-03-18T17:48:39","modified_gmt":"2022-03-18T20:48:39","slug":"quienes-somos","status":"publish","type":"page","link":"http:\/\/www.ineweb.com\/www2\/quienes-somos\/","title":{"rendered":"Quienes Somos"},"content":{"rendered":"<p>[et_pb_section fb_built=\u00bb1&#8243; inner_shadow=\u00bbon\u00bb _builder_version=\u00bb4.15&#8243; background_color=\u00bb#f7f7f7&#8243; global_colors_info=\u00bb{}\u00bb][et_pb_row _builder_version=\u00bb4.15&#8243; background_size=\u00bbinitial\u00bb background_position=\u00bbtop_left\u00bb background_repeat=\u00bbrepeat\u00bb global_colors_info=\u00bb{}\u00bb column_structure=\u00bb2_3,1_3&#8243;][et_pb_column type=\u00bb2_3&#8243; _builder_version=\u00bb4.15&#8243; custom_padding=\u00bb|||\u00bb global_colors_info=\u00bb{}\u00bb custom_padding__hover=\u00bb|||\u00bb][et_pb_text admin_label=\u00bbIneweb\u00bb _builder_version=\u00bb4.15&#8243; background_size=\u00bbinitial\u00bb background_position=\u00bbtop_left\u00bb background_repeat=\u00bbrepeat\u00bb global_colors_info=\u00bb{}\u00bb]<\/p>\n<h1>Soluciones Web que mejoran su competitividad, eficiencia y le atraen nuevas oportunidades de negocio.<\/h1>\n<div align=\"justify\">Desde el a\u00f1o 2002 nos\u00a0especializamos en soluciones de negocios electr\u00f3nicos para peque\u00f1as y medianas empresas. Nuestros servicios est\u00e1n dirigidos a quienes\u00a0que quieran aprovechar las oportunidades de negocio y mejora de eficiencia que ofrecen las nuevas tecnolog\u00edas, sin realizar grandes inversiones.<\/div>\n<p>Le brindamos un servicio integral que combina estrategia de negocios electr\u00f3nicos, dise\u00f1o gr\u00e1fico, y mercadeo.<br \/>\n[\/et_pb_text][\/et_pb_column][et_pb_column type=\u00bb1_3&#8243; _builder_version=\u00bb4.15&#8243; custom_padding=\u00bb|||\u00bb global_colors_info=\u00bb{}\u00bb custom_padding__hover=\u00bb|||\u00bb][et_pb_image src=\u00bbhttp:\/\/www.ineweb.com\/www2\/wp-content\/uploads\/2015\/03\/Fotolia_84637276_XS.jpg\u00bb align_tablet=\u00bbcenter\u00bb align_last_edited=\u00bbon|desktop\u00bb admin_label=\u00bbImagen\u00bb _builder_version=\u00bb4.15&#8243; animation_style=\u00bbslide\u00bb animation_direction=\u00bbleft\u00bb animation_duration=\u00bb500ms\u00bb animation_intensity_slide=\u00bb10%\u00bb animation=\u00bbleft\u00bb sticky=\u00bboff\u00bb global_colors_info=\u00bb{}\u00bb align_phone=\u00bbcenter\u00bb][\/et_pb_image][\/et_pb_column][\/et_pb_row][\/et_pb_section][et_pb_section fb_built=\u00bb1&#8243; _builder_version=\u00bb4.15&#8243; global_colors_info=\u00bb{}\u00bb][et_pb_row _builder_version=\u00bb4.15&#8243; background_size=\u00bbinitial\u00bb background_position=\u00bbtop_left\u00bb background_repeat=\u00bbrepeat\u00bb global_colors_info=\u00bb{}\u00bb][et_pb_column type=\u00bb4_4&#8243; _builder_version=\u00bb4.15&#8243; custom_padding=\u00bb|||\u00bb global_colors_info=\u00bb{}\u00bb custom_padding__hover=\u00bb|||\u00bb][et_pb_text admin_label=\u00bbtitulo equipo\u00bb _builder_version=\u00bb4.15&#8243; background_size=\u00bbinitial\u00bb background_position=\u00bbtop_left\u00bb background_repeat=\u00bbrepeat\u00bb global_colors_info=\u00bb{}\u00bb]<\/p>\n<h1>Nuestro Equipo<\/h1>\n<p>[\/et_pb_text][et_pb_team_member name=\u00bbMartin Napanga\u00bb linkedin_url=\u00bbcl.linkedin.com\/in\/mnapanga\u00bb admin_label=\u00bbPerfil Martin\u00bb _builder_version=\u00bb4.15&#8243; background_size=\u00bbinitial\u00bb background_position=\u00bbtop_left\u00bb background_repeat=\u00bbrepeat\u00bb animation=\u00bbfade_in\u00bb global_colors_info=\u00bb{}\u00bb]<\/p>\n<ul>\n<li>Ingeniero Electr\u00f3nico, Master en Administraci\u00f3n de Empresas (M.B.A.), Diploma en Direcci\u00f3n Comercial y Ventas Universidad Adolfo Iba\u00f1ez.<\/li>\n<li>Experto\u00a0en sistemas de informaci\u00f3n, comercio electr\u00f3nico y redes sociales. Ha realizando proyectos para\u00a0 Banco Santander, Motorola, Telef\u00f3nica, y m\u00e1s de 30 Peque\u00f1as y Medianas empresas.<\/li>\n<li>Especialista en \u00a0estrategias de negocios y marketing\u00a0para el \u00e1rea m\u00e9dica. Ha desarrollado proyectos para Cardi\u00f3logos, Internistas, laboratorios cl\u00ednicos, \u00a0laboratorios farmace\u00faticos y cl\u00ednicas est\u00e9ticas.<\/li>\n<\/ul>\n<p>[\/et_pb_team_member][et_pb_team_member name=\u00bbMar\u00eda Auxiliadora Valls Madrid\u00bb admin_label=\u00bbPerfil Maria Auxiliadora\u00bb _builder_version=\u00bb4.15&#8243; background_size=\u00bbinitial\u00bb background_position=\u00bbtop_left\u00bb background_repeat=\u00bbrepeat\u00bb global_colors_info=\u00bb{}\u00bb]<\/p>\n<ul>\n<li>Es Comunicadora Social egresada de la Universidad Cat\u00f3lica Andr\u00e9s Bello y cuenta con Maestr\u00eda del EOI Espa\u00f1a y de Administraci\u00f3n de Empresas de la UCAB.<\/li>\n<li>Cuenta con amplia experiencia en el \u00e1rea de Comunicaciones Corporativas, Relaciones P\u00fabicas, Publicidad, Mercadeo y Responsabilidad Social empresarial, as\u00ed como tambi\u00e9n en redes sociales empresariales y de fundaciones.<\/li>\n<\/ul>\n<p>[\/et_pb_team_member][et_pb_team_member name=\u00bbAna Mar\u00eda Garc\u00eda Espinosa\u00bb admin_label=\u00bbPerfil Ana Mar\u00eda Garc\u00eda\u00bb _builder_version=\u00bb4.15&#8243; background_size=\u00bbinitial\u00bb background_position=\u00bbtop_left\u00bb background_repeat=\u00bbrepeat\u00bb global_colors_info=\u00bb{}\u00bb]<\/p>\n<ul>\n<li>Es Psicopedagoga y Comunicadora Social egresada de la Universidad Cat\u00f3lica Andr\u00e9s Bello y cuenta con Maestr\u00eda en Direcci\u00f3n Comercial y Marketing en Espa\u00f1a \u2013 CESMA , as\u00ed como de Gerencia del IESA.<\/li>\n<li>Cuenta con amplia experiencia en mercadeo, publicidad y desarrollo de productos financieros, as\u00ed como tambi\u00e9n en canales digitales, incluyendo comercio electr\u00f3nico, web y redes sociales para empresas del sector bancario, retail y fundaciones.<\/li>\n<\/ul>\n<p>[\/et_pb_team_member][\/et_pb_column][\/et_pb_row][\/et_pb_section]<\/p>\n","protected":false},"excerpt":{"rendered":"<p>Soluciones Web que mejoran su competitividad, eficiencia y le atraen nuevas oportunidades de negocio. Desde el a\u00f1o 2002 nos\u00a0especializamos en soluciones de negocios electr\u00f3nicos para peque\u00f1as y medianas empresas. Nuestros servicios est\u00e1n dirigidos a quienes\u00a0que quieran aprovechar las oportunidades de negocio y mejora de eficiencia que ofrecen las nuevas tecnolog\u00edas, sin realizar grandes inversiones. Le [&hellip;]<\/p>\n","protected":false},"author":1,"featured_media":0,"parent":0,"menu_order":0,"comment_status":"closed","ping_status":"closed","template":"","meta":{"_et_pb_use_builder":"on","_et_pb_old_content":"","_et_gb_content_width":"","footnotes":""},"_links":{"self":[{"href":"http:\/\/www.ineweb.com\/www2\/wp-json\/wp\/v2\/pages\/81"}],"collection":[{"href":"http:\/\/www.ineweb.com\/www2\/wp-json\/wp\/v2\/pages"}],"about":[{"href":"http:\/\/www.ineweb.com\/www2\/wp-json\/wp\/v2\/types\/page"}],"author":[{"embeddable":true,"href":"http:\/\/www.ineweb.com\/www2\/wp-json\/wp\/v2\/users\/1"}],"replies":[{"embeddable":true,"href":"http:\/\/www.ineweb.com\/www2\/wp-json\/wp\/v2\/comments?post=81"}],"version-history":[{"count":21,"href":"http:\/\/www.ineweb.com\/www2\/wp-json\/wp\/v2\/pages\/81\/revisions"}],"predecessor-version":[{"id":265,"href":"http:\/\/www.ineweb.com\/www2\/wp-json\/wp\/v2\/pages\/81\/revisions\/265"}],"wp:attachment":[{"href":"http:\/\/www.ineweb.com\/www2\/wp-json\/wp\/v2\/media?parent=81"}],"curies":[{"name":"wp","href":"https:\/\/api.w.org\/{rel}","templated":true}]}}